{"id":852,"date":"2024-05-20T20:20:48","date_gmt":"2024-05-20T19:20:48","guid":{"rendered":"https:\/\/msfcc.org\/?post_type=product&#038;p=852"},"modified":"2024-07-01T00:00:36","modified_gmt":"2024-06-30T23:00:36","slug":"il-qalb-imqaddsa-ta-gesu-salvazzjoni-tal-familji-u-tas-socjeta","status":"publish","type":"product","link":"https:\/\/msfcc.org\/index.php\/product\/il-qalb-imqaddsa-ta-gesu-salvazzjoni-tal-familji-u-tas-socjeta\/","title":{"rendered":"Il-Qalb Imqaddsa ta&#8217; \u0120es\u00f9: Salvazzjoni tal-Familji u tas-So\u010bjet\u00e0"},"content":{"rendered":"<p>Jispjega l-ori\u0121ini stori\u010bi notevoli tad-devozzjoni Kattolika lejn il-Qalb Imqaddsa ta&#8217; \u0120es\u00f9 u g\u0127alfejn din id-devozzjoni hija iktar ur\u0121enti minn qatt qabel.<\/p>\n","protected":false},"excerpt":{"rendered":"<p>Jispjega l-ori\u0121ini stori\u010bi notevoli tad-devozzjoni Kattolika lejn il-Qalb Imqaddsa ta&#8217; \u0120es\u00f9 u g\u0127alfejn din id-devozzjoni hija iktar ur\u0121enti minn qatt qabel.<\/p>\n","protected":false},"featured_media":853,"template":"","meta":{"_et_pb_use_builder":"","_et_pb_old_content":"","_et_gb_content_width":""},"product_brand":[],"product_cat":[34],"product_tag":[],"class_list":{"0":"post-852","1":"product","2":"type-product","3":"status-publish","4":"has-post-thumbnail","6":"product_cat-books","8":"first","9":"instock","10":"shipping-taxable","11":"purchasable","12":"product-type-simple"},"_links":{"self":[{"href":"https:\/\/msfcc.org\/index.php\/wp-json\/wp\/v2\/product\/852","targetHints":{"allow":["GET"]}}],"collection":[{"href":"https:\/\/msfcc.org\/index.php\/wp-json\/wp\/v2\/product"}],"about":[{"href":"https:\/\/msfcc.org\/index.php\/wp-json\/wp\/v2\/types\/product"}],"wp:featuredmedia":[{"embeddable":true,"href":"https:\/\/msfcc.org\/index.php\/wp-json\/wp\/v2\/media\/853"}],"wp:attachment":[{"href":"https:\/\/msfcc.org\/index.php\/wp-json\/wp\/v2\/media?parent=852"}],"wp:term":[{"taxonomy":"product_brand","embeddable":true,"href":"https:\/\/msfcc.org\/index.php\/wp-json\/wp\/v2\/product_brand?post=852"},{"taxonomy":"product_cat","embeddable":true,"href":"https:\/\/msfcc.org\/index.php\/wp-json\/wp\/v2\/product_cat?post=852"},{"taxonomy":"product_tag","embeddable":true,"href":"https:\/\/msfcc.org\/index.php\/wp-json\/wp\/v2\/product_tag?post=852"}],"curies":[{"name":"wp","href":"https:\/\/api.w.org\/{rel}","templated":true}]}}