{"id":850,"date":"2024-05-20T20:07:38","date_gmt":"2024-05-20T19:07:38","guid":{"rendered":"https:\/\/msfcc.org\/?post_type=product&#038;p=850"},"modified":"2024-05-20T20:07:38","modified_gmt":"2024-05-20T19:07:38","slug":"fatima-passat-jew-futur","status":"publish","type":"product","link":"https:\/\/msfcc.org\/index.php\/product\/fatima-passat-jew-futur\/","title":{"rendered":"Fatima: Passat jew Futur?"},"content":{"rendered":"<p>Edizzjoni bil-Malti ta&#8217; &#8220;Fatima: Past or Future?&#8221;. Jispjega l-importanza tal-messa\u0121\u0121 ta&#8217; Sidtna Marija ta&#8217; Fatima g\u0127a\u017c-\u017cmien tag\u0127na. Jippre\u017centa \u0127arsa komprensiva tal-istorja ta&#8217; Fatima u spjegazzjoni teolo\u0121ika tat-tielet parti tas-Sigriet ta&#8217; Fatima.<\/p>\n","protected":false},"excerpt":{"rendered":"<p>Edizzjoni bil-Malti ta&#8217; &#8220;Fatima: Past or Future?&#8221;. Jispjega l-importanza tal-messa\u0121\u0121 ta&#8217; Sidtna Marija ta&#8217; Fatima g\u0127a\u017c-\u017cmien tag\u0127na. Jippre\u017centa \u0127arsa komprensiva tal-istorja ta&#8217; Fatima u spjegazzjoni teolo\u0121ika tat-tielet parti tas-Sigriet ta&#8217; [&hellip;]<\/p>\n","protected":false},"featured_media":851,"template":"","meta":{"_et_pb_use_builder":"","_et_pb_old_content":"","_et_gb_content_width":""},"product_brand":[],"product_cat":[34],"product_tag":[39],"class_list":{"0":"post-850","1":"product","2":"type-product","3":"status-publish","4":"has-post-thumbnail","6":"product_cat-books","7":"product_tag-marian","9":"first","10":"instock","11":"shipping-taxable","12":"purchasable","13":"product-type-simple"},"_links":{"self":[{"href":"https:\/\/msfcc.org\/index.php\/wp-json\/wp\/v2\/product\/850","targetHints":{"allow":["GET"]}}],"collection":[{"href":"https:\/\/msfcc.org\/index.php\/wp-json\/wp\/v2\/product"}],"about":[{"href":"https:\/\/msfcc.org\/index.php\/wp-json\/wp\/v2\/types\/product"}],"wp:featuredmedia":[{"embeddable":true,"href":"https:\/\/msfcc.org\/index.php\/wp-json\/wp\/v2\/media\/851"}],"wp:attachment":[{"href":"https:\/\/msfcc.org\/index.php\/wp-json\/wp\/v2\/media?parent=850"}],"wp:term":[{"taxonomy":"product_brand","embeddable":true,"href":"https:\/\/msfcc.org\/index.php\/wp-json\/wp\/v2\/product_brand?post=850"},{"taxonomy":"product_cat","embeddable":true,"href":"https:\/\/msfcc.org\/index.php\/wp-json\/wp\/v2\/product_cat?post=850"},{"taxonomy":"product_tag","embeddable":true,"href":"https:\/\/msfcc.org\/index.php\/wp-json\/wp\/v2\/product_tag?post=850"}],"curies":[{"name":"wp","href":"https:\/\/api.w.org\/{rel}","templated":true}]}}