{"id":362,"date":"2021-11-08T22:57:34","date_gmt":"2021-11-08T21:57:34","guid":{"rendered":"https:\/\/msfcc.org\/?page_id=362"},"modified":"2021-11-08T22:57:35","modified_gmt":"2021-11-08T21:57:35","slug":"links","status":"publish","type":"page","link":"https:\/\/msfcc.org\/index.php\/links\/","title":{"rendered":"Links"},"content":{"rendered":"<p>[et_pb_section fb_built=&#8221;1&#8243; _builder_version=&#8221;4.12.1&#8243; _module_preset=&#8221;default&#8221; global_colors_info=&#8221;{}&#8221;][et_pb_row _builder_version=&#8221;4.12.1&#8243; _module_preset=&#8221;default&#8221; global_colors_info=&#8221;{}&#8221;][et_pb_column type=&#8221;4_4&#8243; _builder_version=&#8221;4.12.1&#8243; _module_preset=&#8221;default&#8221; global_colors_info=&#8221;{}&#8221;][et_pb_text _builder_version=&#8221;4.12.1&#8243; _module_preset=&#8221;default&#8221; hover_enabled=&#8221;0&#8243; global_colors_info=&#8221;{}&#8221; sticky_enabled=&#8221;0&#8243;]<\/p>\n<h1 style=\"text-align: center;\">Links<\/h1>\n<p>&nbsp;<\/p>\n<p>Below is a list of links to allied and like-minded organisations. We can encourage you to follow and support them in any way you can.<\/p>\n<p>&nbsp;<\/p>\n<h2>TFP Groups &amp; Campaigns<\/h2>\n<ul>\n<li><a href=\"https:\/\/www.accionfamilia.org\/\">Acci\u00f3n Familia<\/a> (Chile)<\/li>\n<li><a href=\"https:\/\/www.tfp.org\/\">American Society for the Defense of Tradition, Family and Property<\/a> (United States of America)<\/li>\n<li><a href=\"https:\/\/www.lucisullest.it\/\">Associazione Luci sull\u2019Est<\/a> (Italy)<\/li>\n<li><a href=\"https:\/\/www.atfp.it\/\">Associazione Tradizione Familia Propriet\u00e0<\/a> (Italy)<\/li>\n<li><a href=\"https:\/\/www.tfp.org.au\/\">Australian Society for the Defense of Tradition, Family, and Property<\/a> (Australia)<\/li>\n<li><a href=\"https:\/\/canadaneedsourlady.org\/\">Canadian Society for the Defence of Christian Civilization<\/a> (Canada)<\/li>\n<li><a href=\"https:\/\/www.tfp-deutschland.de\/\">Deutsche Gesellschaft zum Schutz von Tradition, Familie und Privateigentum<\/a> (Germany)<\/li>\n<li><a href=\"http:\/\/www.dvck.de\/\">Deutsche Vereinigung f\u00fcr eine Christliche Kultur<\/a> (Germany)<\/li>\n<li><a href=\"https:\/\/familyactionsouthafrica.co.za\/\">Family Action South Africa<\/a> (South Africa)<\/li>\n<li><a href=\"https:\/\/www.federation-pro-europa-christiana.org\/\">Federation Pro Europa Christiana<\/a> (Europe)<\/li>\n<li><a href=\"https:\/\/www.helvetia-christiana.ch\/\">Helvetia Christiana<\/a> (Switzerland)<\/li>\n<li><a href=\"https:\/\/ipco.org.br\/\">Instituto Plinio Corr\u00eaa de Oliveira<\/a> (Brazil)<\/li>\n<li><a href=\"https:\/\/www.isfcc.org\/\">Irish Society for Christian Civilisation<\/a> (Ireland)<\/li>\n<li><a href=\"https:\/\/tfp.at\/home\/\">\u00d6sterreichische Gesellschaft zum Schutz von Tradition, Familie und Privateigentum<\/a> (Austria)<\/li>\n<li><a href=\"https:\/\/tfp-france.org\/action\/\">Soci\u00e9t\u00e9 fran\u00e7aise pour la d\u00e9fense de la Tradition, Famille, Propri\u00e9t\u00e9<\/a> (France)<\/li>\n<li><a href=\"https:\/\/www.piotrskarga.pl\/\">Stowarzyszenie Kultury Chrze\u015bcija\u0144skiej im. Ks. Piotra Skargi<\/a> (Poland)<\/li>\n<li><a href=\"https:\/\/www.tradicionyaccion.eu\/\">Tradici\u00f3n y Acci\u00f3n<\/a> (Spain)<\/li>\n<li><a href=\"https:\/\/tfpuk.org.uk\/\">Tradition, Family, Property Association<\/a> (United Kingdom)<\/li>\n<\/ul>\n<p>&nbsp;<\/p>\n<h2>Publications<\/h2>\n<ul>\n<li><a href=\"https:\/\/catolicismo.com.br\/\" title=\"Catolicismo\">Catolicismo<\/a> (Brazil)<\/li>\n<\/ul>\n<h2><\/h2>\n<h2>Other<\/h2>\n<ul>\n<li><a href=\"https:\/\/droitdenaitre.org\/\" title=\"Droit de Na\u00eetre et de Vivre\">Droit de Na\u00eetre et de Vivre<\/a> (France)<\/li>\n<\/ul>\n<p>[\/et_pb_text][\/et_pb_column][\/et_pb_row][\/et_pb_section]<\/p>\n","protected":false},"excerpt":{"rendered":"<p>Links &nbsp; Below is a list of links to allied and like-minded organisations. We can encourage you to follow and support them in any way you can. &nbsp; TFP Groups [&hellip;]<\/p>\n","protected":false},"author":1,"featured_media":0,"parent":0,"menu_order":0,"comment_status":"closed","ping_status":"closed","template":"","meta":{"_et_pb_use_builder":"on","_et_pb_old_content":"","_et_gb_content_width":"","footnotes":""},"class_list":["post-362","page","type-page","status-publish","hentry"],"_links":{"self":[{"href":"https:\/\/msfcc.org\/index.php\/wp-json\/wp\/v2\/pages\/362","targetHints":{"allow":["GET"]}}],"collection":[{"href":"https:\/\/msfcc.org\/index.php\/wp-json\/wp\/v2\/pages"}],"about":[{"href":"https:\/\/msfcc.org\/index.php\/wp-json\/wp\/v2\/types\/page"}],"author":[{"embeddable":true,"href":"https:\/\/msfcc.org\/index.php\/wp-json\/wp\/v2\/users\/1"}],"replies":[{"embeddable":true,"href":"https:\/\/msfcc.org\/index.php\/wp-json\/wp\/v2\/comments?post=362"}],"version-history":[{"count":5,"href":"https:\/\/msfcc.org\/index.php\/wp-json\/wp\/v2\/pages\/362\/revisions"}],"predecessor-version":[{"id":370,"href":"https:\/\/msfcc.org\/index.php\/wp-json\/wp\/v2\/pages\/362\/revisions\/370"}],"wp:attachment":[{"href":"https:\/\/msfcc.org\/index.php\/wp-json\/wp\/v2\/media?parent=362"}],"curies":[{"name":"wp","href":"https:\/\/api.w.org\/{rel}","templated":true}]}}